{"id":965,"date":"2024-11-06T10:37:49","date_gmt":"2024-11-06T10:37:49","guid":{"rendered":"https:\/\/arriveinner.com\/product\/round-big-zafu-cushion-copy\/"},"modified":"2025-12-16T09:18:12","modified_gmt":"2025-12-16T09:18:12","slug":"meditation-zabuton","status":"publish","type":"product","link":"https:\/\/arriveinner.com\/lt\/produktas\/meditation-zabuton\/","title":{"rendered":"\u010ciu\u017einukas meditacijai"},"content":{"rendered":"<p>\u25d6 Sukurtos meditacijos praktikoms<br \/>\n\u25d6Pagaminta i\u0161 auk\u0161tos kokyb\u0117s med\u017eiag\u0173 - nenud\u0117vima i\u0161vaizda ir komfortas.<br \/>\n\u25d6 Veli\u016bro u\u017evalkalas lengvai nusiima - su u\u017etrauktu. Galima skalbti.<br \/>\n\u25d6 Auk\u0161tos kokyb\u0117s pasiuvimas ir veli\u016bras.<br \/>\n\u25d6 Meditation mat ensures comfort, supporting you through every session.<br \/>\n<!--more--><\/p>\n<h3>\u010ciu\u017einuko meditacijai i\u0161matavimai:<\/h3>\n<p>Standartinis 64 cm x 64 cm x 3 cm auk\u0161\u010dio<br \/>\nStoresnis 64 cm x 64 cm x 6 cm auk\u0161\u010dio<\/p>\n<p>Netinka i\u0161matavimai ar nori u\u017esakyti daugiau? <a href=\"https:\/\/arriveinner.com\/lt\/contact\/\">Susiekite su mumis \u010dia.<\/a><\/p>\n<h3>Tobulas kiekvienam medituojan\u010diam<\/h3>\n<p>\u0160is \u010ciu\u017einukas yra tokio dyd\u017eio, kad tikt\u0173 bet kam - nei per didelis, nei per ma\u017eas. Nesvarbu, ar medituojate namuose, ar studijoje, \u0161is kilim\u0117lis pad\u0117s jums patirti komfort\u0105 savo praktikoje. Standartinis dydis puikiai tinka daugeliui, ta\u010diau jei turite jautri\u0173 s\u0105nari\u0173 ar norite papildomo mink\u0161\u010diau \u2013 rinkit\u0117s storesn\u012f 6 cm variant\u0105.<\/p>\n<h3>Veli\u016brinis \u010ciu\u017einuko u\u017evalkalas<\/h3>\n<p>Vietos gamykla gamina \u0161i\u0105 gra\u017e\u0173 Veli\u016br\u0105. Tai ne tik  stilinga ir eleganti\u0161ka med\u017eiaga, bet ir labai lengvai valoma, ypa\u010d nuo augintinio kailio ar plauk\u0173. Kiekvienas, turintis p\u016bkuot\u0173 draug\u0173 - \u012fvertins. Net u\u017etrauktukai, kuriuos naudojame, yra pagaminti \u010dia, Kaune.<\/p>\n<h3>Prie\u017ei\u016bra:<\/h3>\n<p>Skalbti rankomis arba \u0161velnia programa skalbimo ma\u0161ina. Nenaudoti d\u017eiovykl\u0117s ar lygintuvo.<\/p>","protected":false},"excerpt":{"rendered":"<p>\u25d6 Sukurtos meditacijos praktikoms<br \/>\n\u25d6Pagaminta i\u0161 auk\u0161tos kokyb\u0117s med\u017eiag\u0173 - nenud\u0117vima i\u0161vaizda ir komfortas.<br \/>\n\u25d6 Lengva pri\u017ei\u016br\u0117ti, nes u\u017evalkalas su u\u017etrauktuku.<br \/>\n\u25d6 Auk\u0161tos kokyb\u0117s pasiuvimas ir veli\u016bras.<br \/>\n\u25d6 Meditation mat ensures comfort, supporting you through every session.<\/p>\n<p>\u25d6 Netinka i\u0161matavimai ar nori u\u017esakyti daugiau? <a href=\"https:\/\/arriveinner.com\/lt\/contact\/\">Susiekite su mumis \u010dia.<\/a><\/p>\n<p>&nbsp;<\/p>","protected":false},"featured_media":1166,"comment_status":"open","ping_status":"closed","template":"","meta":{"_seopress_robots_primary_cat":"none","_seopress_titles_title":"Meditation mat floor Zabuton handmade in EU now 10% off","_seopress_titles_desc":"Premium Velvet zabuton handmade from high-quality materials, designed to last and provide support for healthy posture. Perfect for kundalini & tantra.","_seopress_robots_index":""},"product_brand":[],"product_cat":[54],"product_tag":[27,28,55],"class_list":{"0":"post-965","1":"product","2":"type-product","3":"status-publish","4":"has-post-thumbnail","6":"product_cat-zabutons","7":"product_tag-bolster","8":"product_tag-cushion","9":"product_tag-zabuton","10":"product_shipping_class-one-cushion","11":"has-post-title","12":"has-post-date","13":"has-post-category","14":"has-post-tag","15":"has-post-comment","16":"has-post-author","17":"","19":"first","20":"instock","21":"taxable","22":"shipping-taxable","23":"purchasable","24":"product-type-variable","25":"has-default-attributes"},"jetpack_sharing_enabled":true,"builder_content":"","_links":{"self":[{"href":"https:\/\/arriveinner.com\/lt\/wp-json\/wp\/v2\/product\/965","targetHints":{"allow":["GET"]}}],"collection":[{"href":"https:\/\/arriveinner.com\/lt\/wp-json\/wp\/v2\/product"}],"about":[{"href":"https:\/\/arriveinner.com\/lt\/wp-json\/wp\/v2\/types\/product"}],"replies":[{"embeddable":true,"href":"https:\/\/arriveinner.com\/lt\/wp-json\/wp\/v2\/comments?post=965"}],"wp:featuredmedia":[{"embeddable":true,"href":"https:\/\/arriveinner.com\/lt\/wp-json\/wp\/v2\/media\/1166"}],"wp:attachment":[{"href":"https:\/\/arriveinner.com\/lt\/wp-json\/wp\/v2\/media?parent=965"}],"wp:term":[{"taxonomy":"product_brand","embeddable":true,"href":"https:\/\/arriveinner.com\/lt\/wp-json\/wp\/v2\/product_brand?post=965"},{"taxonomy":"product_cat","embeddable":true,"href":"https:\/\/arriveinner.com\/lt\/wp-json\/wp\/v2\/product_cat?post=965"},{"taxonomy":"product_tag","embeddable":true,"href":"https:\/\/arriveinner.com\/lt\/wp-json\/wp\/v2\/product_tag?post=965"}],"curies":[{"name":"wp","href":"https:\/\/api.w.org\/{rel}","templated":true}]}}