{"id":541,"date":"2024-02-02T17:07:46","date_gmt":"2024-02-02T17:07:46","guid":{"rendered":"http:\/\/arriveinner.com\/?post_type=product&#038;p=541"},"modified":"2026-03-23T17:17:27","modified_gmt":"2026-03-23T17:17:27","slug":"blue-meditation-set-cushion-mat-combo","status":"publish","type":"product","link":"https:\/\/arriveinner.com\/lt\/produktas\/blue-meditation-set-cushion-mat-combo\/","title":{"rendered":"Pagalv\u0117l\u0117 ir \u010diu\u017einukas meditacijai Tamsiai m\u0117lynas velvetas"},"content":{"rendered":"<p><strong>S\u0105vyb\u0117s:<\/strong><\/p>\n<ul>\n<li><strong>Nepriekai\u0161tinga kokyb\u0117:<\/strong> Pagaminta i\u0161 auk\u0161tos kokyb\u0117s med\u017eiag\u0173 - am\u017einai tobula i\u0161vaizda ir komfortas.<\/li>\n<li><strong>Lengvai pritaikoma:<\/strong> Pagalv\u0117l\u0117s u\u017epildyta griki\u0173 luk\u0161tais - tobulai prisitaiko ir i\u0161lieka standi.<\/li>\n<li><strong>Mink\u0161tas \u010diu\u017einukas:<\/strong> Garantuoja komfort\u0105 meditacijos praktikose.<\/li>\n<li><strong>Estetika:<\/strong> Malonios spalvos veli\u016bras papildys j\u016bs\u0173 nam\u0173 erdv\u0119.<\/li>\n<\/ul>\n<h3><strong>Blue meditation set dimensions:<\/strong><\/h3>\n<ul>\n<li><strong>Didel\u0117 apvali Zafu pagalv\u0117<\/strong> 34 cm diametras x 19 cm auk\u0161tis<\/li>\n<li><strong>Vidutin\u0117 Zafu pagalv\u0117l\u0117:<\/strong>\u00a030 cm diametras  x 14 cm auk\u0161tis<\/li>\n<li><strong>Bolsteris<\/strong> Bolsterio diametras 26cm, ilgis 43cm.<\/li>\n<li><strong>\u010ciu\u017einukas:<\/strong> 64 cm x 64 cm x 3 cm, pridedamas kartu su pasirinkta pagalv\u0117le.<\/li>\n<\/ul>\n<p><!--more--><\/p>\n<p><strong>Tobulai tinka:<\/strong><\/p>\n<ul>\n<li>Jogos studijoms<\/li>\n<li>Meditacijos kambariams<\/li>\n<li>S\u0105monigumo praktikoms namuose<\/li>\n<li>Kaip prasminga dovana<\/li>\n<\/ul>\n<h3><strong>Kod\u0117l m\u016bs\u0173 gaminys tvarus?<\/strong><\/h3>\n<p>Vidinis u\u017evalkalas pagamintas i\u0161 likutinio lino audinio, gauto i\u0161 siuvykl\u0173 \u2013 taip ma\u017einame atliekas ir suteikiame nauj\u0105 paskirt\u012f lino atrai\u017eoms. Linas yra ilgaam\u017e\u0117, kv\u0117puojanti med\u017eiaga.\nGaminama Lietuvoje, taikant tvarias aplinkai praktikas.<\/p>\n<p>Velvetas gaminamas Lietuvoje, \u0161is ilgaam\u017eis audinys leis d\u017eiaugtis pagalv\u0117le met\u0173 metus. U\u017evilkimus galima nuimti ir skalbti, net augintini\u0173 kailis ant j\u0173 neu\u017esilaiko.<\/p>\n<h3><strong>Griki\u0173 luk\u0161t\u0173 u\u017epildas<\/strong><\/h3>\n<p>\u0160is u\u017epildas yra gamtos dovana \u017emogui. Grikiai u\u017eauginti Lietuvoje, ekologi\u0161kame \u016bkyje.\nGriki\u0173 luk\u0161tai prisitaiko prie k\u016bno form\u0173, palaiko optimali\u0105 temperat\u016br\u0105 ir suteikia nat\u016brali\u0105 atram\u0105. <a href=\"https:\/\/arriveinner.com\/lt\/materials\/\">skaityti daugiau<\/a><\/p>\n<p>Atsiradus abejonei, kuri pagalv\u0117l\u0117 jums tinkt\u0173 geriausiai - \u010dia rasite rekomedacij\u0105. <a href=\"https:\/\/arriveinner.com\/lt\/faq-about-meditation-cushions\/\">patarimai<\/a>.<\/p>\n<p><strong>Prie\u017ei\u016bra<\/strong><\/p>\n<p>Valyti dr\u0117gna \u0161luoste arba skalbti rankomis, i\u0161vertus \u012f i\u0161or\u0119. Nenaudoti lygintuvo ir ned\u0117ti \u012f d\u017eiovykl\u0119. Med\u017eiaga lengvai valoma, ypa\u010d nuo augintini\u0173 kailio \u2013 tai \u012fvertins visi, turintys p\u016bkuotus draugus.<\/p>\n<p><strong>Note:<\/strong> D\u0117l ekrano parametr\u0173 skirtum\u0173, spalv\u0105, kuri\u0105 matote ekrane gali kiek skirtis nuo spalvos realyb\u0117je.<\/p>\n<p><!--themify_builder_static--><!--\/themify_builder_static--><\/p>","protected":false},"excerpt":{"rendered":"<p>\u25d6 Sukurtos meditacijos praktikoms<br \/>\n\u25d6 Ilgaam\u017e\u0117s, kokybi\u0161kos med\u017eiagos<br \/>\n\u25d6 Garantuotas komfortas meditacijos praktikose<br \/>\n\u25d6 Griki\u0173 luk\u0161t\u0173 u\u017epildas - tobulai prisitaiko ir i\u0161lieka standus.<\/p>","protected":false},"featured_media":1169,"comment_status":"open","ping_status":"closed","template":"","meta":{"_seopress_robots_primary_cat":"none","_seopress_titles_title":"Blue velvet Meditation cushion Set zafu & zabuton now 20% off","_seopress_titles_desc":"Now 20% off for your high-quality and long-lasting meditation set. Organic buckwheat hulls fill grown in EU gives firm support and healthy posture","_seopress_robots_index":""},"product_brand":[],"product_cat":[26],"product_tag":[41],"class_list":{"0":"post-541","1":"product","2":"type-product","3":"status-publish","4":"has-post-thumbnail","6":"product_cat-meditation-sets","7":"product_tag-meditation-set","8":"product_shipping_class-full-set","9":"has-post-title","10":"has-post-date","11":"has-post-category","12":"has-post-tag","13":"has-post-comment","14":"has-post-author","15":"","17":"first","18":"instock","19":"taxable","20":"shipping-taxable","21":"purchasable","22":"product-type-variable"},"jetpack_sharing_enabled":true,"builder_content":"","_links":{"self":[{"href":"https:\/\/arriveinner.com\/lt\/wp-json\/wp\/v2\/product\/541","targetHints":{"allow":["GET"]}}],"collection":[{"href":"https:\/\/arriveinner.com\/lt\/wp-json\/wp\/v2\/product"}],"about":[{"href":"https:\/\/arriveinner.com\/lt\/wp-json\/wp\/v2\/types\/product"}],"replies":[{"embeddable":true,"href":"https:\/\/arriveinner.com\/lt\/wp-json\/wp\/v2\/comments?post=541"}],"wp:featuredmedia":[{"embeddable":true,"href":"https:\/\/arriveinner.com\/lt\/wp-json\/wp\/v2\/media\/1169"}],"wp:attachment":[{"href":"https:\/\/arriveinner.com\/lt\/wp-json\/wp\/v2\/media?parent=541"}],"wp:term":[{"taxonomy":"product_brand","embeddable":true,"href":"https:\/\/arriveinner.com\/lt\/wp-json\/wp\/v2\/product_brand?post=541"},{"taxonomy":"product_cat","embeddable":true,"href":"https:\/\/arriveinner.com\/lt\/wp-json\/wp\/v2\/product_cat?post=541"},{"taxonomy":"product_tag","embeddable":true,"href":"https:\/\/arriveinner.com\/lt\/wp-json\/wp\/v2\/product_tag?post=541"}],"curies":[{"name":"wp","href":"https:\/\/api.w.org\/{rel}","templated":true}]}}