{"id":509,"date":"2024-01-19T11:54:43","date_gmt":"2024-01-19T11:54:43","guid":{"rendered":"http:\/\/arriveinner.com\/?post_type=product&#038;p=509"},"modified":"2026-03-27T17:13:25","modified_gmt":"2026-03-27T17:13:25","slug":"round-big-zafu-cushion","status":"publish","type":"product","link":"https:\/\/arriveinner.com\/lt\/produktas\/round-big-zafu-cushion\/","title":{"rendered":"Didel\u0117 apvali Zafu pagalv\u0117"},"content":{"rendered":"<p>\u25d6 Sukurtos meditacijos praktikoms<br \/>\n\u25d6 \u0160velnus ir ilgaam\u017eis veli\u016bras, pagamintos Lietuvoje<br \/>\n\u25d6 Veli\u016bro u\u017evalkalas lengvai nusiima, galima skalbti<br \/>\n\u25d6 Vidin\u0117 pagalv\u0117l\u0117 i\u0161 lino, su u\u017etrauktuku - lengva papildyti.<br \/>\n\u25d6 U\u017epildui naudojami griki\u0173 luk\u0161tai i\u0161 ekologinio \u016bkio Lietuvoje.<br \/>\n<!--more--><\/p>\n<p><strong>Didel\u0117s apvalios Zafu i\u0161matavimai:<\/strong><\/p>\n<p>34 cm diametras x 19 cm auk\u0161tis<\/p>\n<p><strong>Vidin\u0117 pagalv\u0117l\u0117 i\u0161 lino<\/strong><\/p>\n<p>Vidinis u\u017evalkalas pagamintas i\u0161 likutinio lino audinio, gauto i\u0161 siuvykl\u0173 \u2013 taip ma\u017einame atliekas ir suteikiame nauj\u0105 paskirt\u012f lino atrai\u017eoms. Linas yra ilgaam\u017e\u0117, kv\u0117puojanti med\u017eiaga.\nGamina Lietuvoje, taikant tvarias aplinkai praktikas.<\/p>\n<p><strong>Veli\u016bro pagalv\u0117l\u0117s u\u017evalkalas<\/strong><\/p>\n<p>Vietos gamykla gamina \u0161i\u0105 gra\u017e\u0173 Veli\u016br\u0105. Tai ne tik  stilinga ir eleganti\u0161ka med\u017eiaga, bet ir labai lengvai valoma, ypa\u010d nuo augintinio kailio ar plauk\u0173. Kiekvienas, turintis p\u016bkuot\u0173 draug\u0173 - \u012fvertins. Net u\u017etrauktukai, kuriuos naudojame, yra pagaminti \u010dia, Kaune.<\/p>\n<p><strong>Griki\u0173 luk\u0161t\u0173 u\u017epildas viduje<\/strong><\/p>\n<p>\u0160is u\u017epildas yra gamtos dovana \u017emogui. Grikiai u\u017eauginti Lietuvoje, ekologi\u0161kame \u016bkyje.\nGriki\u0173 luk\u0161tai prisitaiko prie k\u016bno form\u0173, palaiko optimali\u0105 temperat\u016br\u0105 ir suteikia nat\u016brali\u0105 atram\u0105.<\/p>\n<p><strong>Prie\u017ei\u016bra<\/strong><\/p>\n<p>Valyti dr\u0117gna \u0161luoste arba skalbti rankomis, i\u0161vertus \u012f i\u0161or\u0119. Nenaudoti lygintuvo ir ned\u0117ti \u012f d\u017eiovykl\u0119. Med\u017eiaga lengvai valoma, ypa\u010d nuo augintini\u0173 kailio \u2013 tai \u012fvertins visi, turintys p\u016bkuotus draugus.<\/p>","protected":false},"excerpt":{"rendered":"<p>\u25d6 Sukurtos meditacijos praktikoms<br \/>\n\u25d6 Ilgaam\u017e\u0117s, kokybi\u0161kos med\u017eiagos<br \/>\n\u25d6 Veli\u016bro u\u017evalkalas lengvai nusiima, galima skalbti<br \/>\n\u25d6 S\u0105moningumo praktikoms studijoje ir namuose<\/p>\n<p>&nbsp;<\/p>","protected":false},"featured_media":1137,"comment_status":"open","ping_status":"closed","template":"","meta":{"_seopress_robots_primary_cat":"none","_seopress_titles_title":"Luxury velvet meditation zafu cushion for inner peace seeker","_seopress_titles_desc":"Now 10% off premium quality velvet zafu cushions with organic buckwheat fill for healthy posture support. Perfect for kundalini and tantra practice.","_seopress_robots_index":""},"product_brand":[],"product_cat":[34],"product_tag":[27,28],"class_list":{"0":"post-509","1":"product","2":"type-product","3":"status-publish","4":"has-post-thumbnail","6":"product_cat-zafu-cushion","7":"product_tag-bolster","8":"product_tag-cushion","9":"product_shipping_class-one-cushion","10":"has-post-title","11":"has-post-date","12":"has-post-category","13":"has-post-tag","14":"has-post-comment","15":"has-post-author","16":"","18":"first","19":"instock","20":"sale","21":"taxable","22":"shipping-taxable","23":"purchasable","24":"product-type-variable"},"jetpack_sharing_enabled":true,"builder_content":"","_links":{"self":[{"href":"https:\/\/arriveinner.com\/lt\/wp-json\/wp\/v2\/product\/509","targetHints":{"allow":["GET"]}}],"collection":[{"href":"https:\/\/arriveinner.com\/lt\/wp-json\/wp\/v2\/product"}],"about":[{"href":"https:\/\/arriveinner.com\/lt\/wp-json\/wp\/v2\/types\/product"}],"replies":[{"embeddable":true,"href":"https:\/\/arriveinner.com\/lt\/wp-json\/wp\/v2\/comments?post=509"}],"wp:featuredmedia":[{"embeddable":true,"href":"https:\/\/arriveinner.com\/lt\/wp-json\/wp\/v2\/media\/1137"}],"wp:attachment":[{"href":"https:\/\/arriveinner.com\/lt\/wp-json\/wp\/v2\/media?parent=509"}],"wp:term":[{"taxonomy":"product_brand","embeddable":true,"href":"https:\/\/arriveinner.com\/lt\/wp-json\/wp\/v2\/product_brand?post=509"},{"taxonomy":"product_cat","embeddable":true,"href":"https:\/\/arriveinner.com\/lt\/wp-json\/wp\/v2\/product_cat?post=509"},{"taxonomy":"product_tag","embeddable":true,"href":"https:\/\/arriveinner.com\/lt\/wp-json\/wp\/v2\/product_tag?post=509"}],"curies":[{"name":"wp","href":"https:\/\/api.w.org\/{rel}","templated":true}]}}