{"id":454,"date":"2024-01-18T11:04:05","date_gmt":"2024-01-18T11:04:05","guid":{"rendered":"http:\/\/arriveinner.com\/?post_type=product&#038;p=454"},"modified":"2026-03-27T17:10:35","modified_gmt":"2026-03-27T17:10:35","slug":"yoga-bolster","status":"publish","type":"product","link":"https:\/\/arriveinner.com\/lt\/produktas\/yoga-bolster\/","title":{"rendered":"Veli\u016bro Bolsteris Jogai"},"content":{"rendered":"<p>\u25d6 Tobula kasdien\u0117ms jogos ir tantros praktikoms<br \/>\n\u25d6 Pagaminta i\u0161 auk\u0161tos kokyb\u0117s med\u017eiag\u0173 - am\u017einai tobula i\u0161vaizda ir komfortas.<br \/>\n\u25d6 Veli\u016bro u\u017evalkalas lengvai nusiima, galima skalbti<br \/>\n\u25d6 Vidin\u0117 pagalv\u0117l\u0117 i\u0161 lino, su u\u017etrauktuku - lengva papildyti.<br \/>\n\u25d6 U\u017epildui naudojami griki\u0173 luk\u0161tai i\u0161 ekologinio \u016bkio Lietuvoje.<br \/>\n<!--more--><\/p>\n<h3><strong>Bolsterio i\u0161matavimai<\/strong><\/h3>\n<p>Small Bolster 10.3&#8243; diameter x 17&#8243; length ( 26 cm x 42 cm )<\/p>\n<p>Mid Bolster size: 10.3&#8243; diameter x 19.6&#8243; length (26 cm x 60 cm)<\/p>\n<h3><strong>Kod\u0117l m\u016bs\u0173 gaminys tvarus?<\/strong><\/h3>\n<p>Vidinis u\u017evalkalas pagamintas i\u0161 likutinio lino audinio, gauto i\u0161 siuvykl\u0173 \u2013 taip ma\u017einame atliekas ir suteikiame nauj\u0105 paskirt\u012f lino atrai\u017eoms. Linas yra ilgaam\u017e\u0117, kv\u0117puojanti med\u017eiaga.\nGaminama Lietuvoje, taikant tvarias aplinkai praktikas.<\/p>\n<p>Velvetas gaminamas Lietuvoje, \u0161is ilgaam\u017eis audinys leis d\u017eiaugtis pagalv\u0117le met\u0173 metus. U\u017evilkimus galima nuimti ir skalbti, net augintini\u0173 kailis ant j\u0173 neu\u017esilaiko.<\/p>\n<h3><strong>Griki\u0173 luk\u0161t\u0173 u\u017epildas<\/strong><\/h3>\n<p>\u0160is u\u017epildas yra gamtos dovana \u017emogui. Grikiai u\u017eauginti Lietuvoje, ekologi\u0161kame \u016bkyje.\nGriki\u0173 luk\u0161tai prisitaiko prie k\u016bno form\u0173, palaiko optimali\u0105 temperat\u016br\u0105 ir suteikia nat\u016brali\u0105 atram\u0105. <a href=\"https:\/\/arriveinner.com\/lt\/materials\/\">skaityti daugiau<\/a><\/p>\n<p>Atsiradus abejonei, kuri pagalv\u0117l\u0117 jums tinkt\u0173 geriausiai - \u010dia rasite rekomedacij\u0105. <a href=\"https:\/\/arriveinner.com\/lt\/faq-about-meditation-cushions\/\">patarimai<\/a>.<\/p>\n<p><strong>Note:<\/strong> D\u0117l ekrano parametr\u0173 skirtum\u0173, spalv\u0105, kuri\u0105 matote ekrane gali kiek skirtis nuo spalvos realyb\u0117je.<\/p>\n<p><strong>Prie\u017ei\u016bra<\/strong><\/p>\n<p>Valyti dr\u0117gna \u0161luoste arba skalbti rankomis, i\u0161vertus \u012f i\u0161or\u0119. Nenaudoti lygintuvo ir ned\u0117ti \u012f d\u017eiovykl\u0119. Med\u017eiaga lengvai valoma, ypa\u010d nuo augintini\u0173 kailio \u2013 tai \u012fvertins visi, turintys p\u016bkuotus draugus.<\/p>\n<p><!--themify_builder_static--><!--\/themify_builder_static--><\/p>","protected":false},"excerpt":{"rendered":"<p>\u25d6 Patikrinta jogos mokytoj\u0173<br \/>\n\u25d6 Auk\u0161tos kokyb\u0117s med\u017eiagos, pasi\u016bta Lietuvoje<br \/>\n\u25d6 Veli\u016bro u\u017evalkalas lengvai nusiima, galima skalbti<br \/>\n\u25d6 Sukurta jogai studijoje ir namuose<\/p>\n<p>&nbsp;<\/p>\n<p>&nbsp;<\/p>","protected":false},"featured_media":1224,"comment_status":"open","ping_status":"closed","template":"","meta":{"_seopress_robots_primary_cat":"25","_seopress_titles_title":"Up to 20% off Yoga bolster pillow Premium velvet timeless style","_seopress_titles_desc":"Organic buckwheat hulls fill inside Perfect support prop for any yoga practice - personal or professional. 10% off for your first premium quality cushion.","_seopress_robots_index":""},"product_brand":[],"product_cat":[25],"product_tag":[27,28],"class_list":{"0":"post-454","1":"product","2":"type-product","3":"status-publish","4":"has-post-thumbnail","6":"product_cat-bolster","7":"product_tag-bolster","8":"product_tag-cushion","9":"product_shipping_class-one-cushion","10":"has-post-title","11":"has-post-date","12":"has-post-category","13":"has-post-tag","14":"has-post-comment","15":"has-post-author","16":"","18":"first","19":"instock","20":"sale","21":"taxable","22":"shipping-taxable","23":"purchasable","24":"product-type-variable"},"jetpack_sharing_enabled":true,"builder_content":"","_links":{"self":[{"href":"https:\/\/arriveinner.com\/lt\/wp-json\/wp\/v2\/product\/454","targetHints":{"allow":["GET"]}}],"collection":[{"href":"https:\/\/arriveinner.com\/lt\/wp-json\/wp\/v2\/product"}],"about":[{"href":"https:\/\/arriveinner.com\/lt\/wp-json\/wp\/v2\/types\/product"}],"replies":[{"embeddable":true,"href":"https:\/\/arriveinner.com\/lt\/wp-json\/wp\/v2\/comments?post=454"}],"wp:featuredmedia":[{"embeddable":true,"href":"https:\/\/arriveinner.com\/lt\/wp-json\/wp\/v2\/media\/1224"}],"wp:attachment":[{"href":"https:\/\/arriveinner.com\/lt\/wp-json\/wp\/v2\/media?parent=454"}],"wp:term":[{"taxonomy":"product_brand","embeddable":true,"href":"https:\/\/arriveinner.com\/lt\/wp-json\/wp\/v2\/product_brand?post=454"},{"taxonomy":"product_cat","embeddable":true,"href":"https:\/\/arriveinner.com\/lt\/wp-json\/wp\/v2\/product_cat?post=454"},{"taxonomy":"product_tag","embeddable":true,"href":"https:\/\/arriveinner.com\/lt\/wp-json\/wp\/v2\/product_tag?post=454"}],"curies":[{"name":"wp","href":"https:\/\/api.w.org\/{rel}","templated":true}]}}