{"id":51,"date":"2022-01-12T06:34:44","date_gmt":"2022-01-12T06:34:44","guid":{"rendered":"http:\/\/arriveinner.com\/about-us\/"},"modified":"2025-04-05T11:13:08","modified_gmt":"2025-04-05T11:13:08","slug":"about-us","status":"publish","type":"page","link":"https:\/\/arriveinner.com\/lt\/about-us\/","title":{"rendered":"Apie mus"},"content":{"rendered":"<!--themify_builder_content-->\n<div id=\"themify_builder_content-51\" data-postid=\"51\" class=\"themify_builder_content themify_builder_content-51 themify_builder tf_clear\">\n                    <div  data-css_id=\"k4la008\" data-lazy=\"1\" class=\"module_row themify_builder_row fullwidth tb_k4la008 tb_first tf_w\">\n                        <div class=\"row_inner col_align_top tb_col_count_1 tf_box tf_rel\">\n                        <div  data-lazy=\"1\" class=\"module_column tb-column col-full tb_sarf404 first\">\n                    <!-- module text -->\n<div  class=\"module module-text tb_v2ja080\" data-lazy=\"1\">\n        <div  class=\"tb_text_wrap\">\n        <h1>Apie mus<\/h1>    <\/div>\n<\/div>\n<!-- \/module text --><!-- module image -->\n<div  class=\"module module-image tb_8c8s810 image-right   auto_fullwidth tf_mw\" data-lazy=\"1\">\n        <div class=\"image-wrap tf_rel tf_mw\">\n            <img loading=\"lazy\" decoding=\"async\" width=\"2560\" height=\"885\" src=\"https:\/\/arriveinner.com\/wp-content\/uploads\/2025\/04\/about-1330-x-460-px-scaled.jpg\" class=\"wp-post-image wp-image-1345\" title=\"about-(1330-x-460-px)\" alt=\"about-(1330-x-460-px)\" srcset=\"https:\/\/arriveinner.com\/wp-content\/uploads\/2025\/04\/about-1330-x-460-px-scaled.jpg 2560w, https:\/\/arriveinner.com\/wp-content\/uploads\/2025\/04\/about-1330-x-460-px-300x104.jpg 300w, https:\/\/arriveinner.com\/wp-content\/uploads\/2025\/04\/about-1330-x-460-px-1024x354.jpg 1024w, https:\/\/arriveinner.com\/wp-content\/uploads\/2025\/04\/about-1330-x-460-px-768x266.jpg 768w, https:\/\/arriveinner.com\/wp-content\/uploads\/2025\/04\/about-1330-x-460-px-1536x531.jpg 1536w, https:\/\/arriveinner.com\/wp-content\/uploads\/2025\/04\/about-1330-x-460-px-2048x708.jpg 2048w, https:\/\/arriveinner.com\/wp-content\/uploads\/2025\/04\/about-1330-x-460-px-600x208.jpg 600w\" sizes=\"auto, (max-width: 2560px) 100vw, 2560px\" \/>    \n        <\/div>\n    <!-- \/image-wrap -->\n    \n        <\/div>\n<!-- \/module image -->        <\/div>\n                        <\/div>\n        <\/div>\n                        <div  data-css_id=\"1eow206\" data-lazy=\"1\" class=\"module_row themify_builder_row fullwidth tb_1eow206 tf_w\">\n                        <div class=\"row_inner col_align_top tb_col_count_1 tf_box tf_rel\">\n                        <div  data-lazy=\"1\" class=\"module_column tb-column col-full tb_f3oi826 first\">\n                            <div  data-lazy=\"1\" class=\"module_subrow themify_builder_sub_row tf_w col_align_top tb_col_count_1 tb_l5rx858\">\n                <div  data-lazy=\"1\" class=\"module_column sub_column col-full tb_msln860 first\">\n                    <!-- module text -->\n<div  class=\"module module-text tb_2u0o937\" data-lazy=\"1\">\n        <div  class=\"tb_text_wrap\">\n        <h2>M\u016bs\u0173 istorija<\/h2>    <\/div>\n<\/div>\n<!-- \/module text --><!-- module text -->\n<div  class=\"module module-text tb_mh8y551\" data-lazy=\"1\">\n        <div  class=\"tb_text_wrap\">\n        <h3>prasid\u0117jo meditacijos sal\u0117je<\/h3>\n<div>Gyvename pasaulyje, kupiname trumpalaiki\u0173 daikt\u0173, tod\u0117l mes kuriame tai,\u00a0\u00a0<span style=\"font-size: 1.062em; letter-spacing: 0.0075em;\">kas turi prasm\u0119, pagaminta atsakingai ir i\u0161lieka ilgam.<\/span><\/div>\n<div>\u00a0<\/div>    <\/div>\n<\/div>\n<!-- \/module text -->        <\/div>\n                    <\/div>\n                <div  data-lazy=\"1\" class=\"module_subrow themify_builder_sub_row tf_w col_align_top tb_col_count_3 tb_vpfu473\">\n                <div  data-lazy=\"1\" class=\"module_column sub_column col3-1 tb_4cez473 first\">\n                    <!-- module image -->\n<div  class=\"module module-image tb_33qh860 image-top   auto_fullwidth tf_mw\" data-lazy=\"1\" data-lax-translate-y=\"(vh*1) 0,(vh*0) -70\" data-lax=\"true\">\n        <div class=\"image-wrap tf_rel tf_mw\">\n            <img decoding=\"async\" src=\"Apie mus\" title=\"Apie mus\" alt=\"About Us\">    \n        <\/div>\n    <!-- \/image-wrap -->\n    \n        <\/div>\n<!-- \/module image -->        <\/div>\n                    <div  data-lazy=\"1\" class=\"module_column sub_column col3-1 tb_u6mb473\">\n                    <!-- module text -->\n<div  class=\"module module-text tb_bbeg004\" data-lazy=\"1\">\n        <div  class=\"tb_text_wrap\">\n        <h6>Mano gyvenimas pasikeit\u0117, kai atvykau \u012f Vipasanos meditacij\u0105.\nI\u0161 nerimastingos, garsiai nelaimingos ir visk\u0105 norin\u010dios kontroliuojan\u010dios moters tapau \u017emogumi, atradusiu vidin\u0119 ramyb\u0119 ir darn\u0105.\u00a0<\/h6>\n<h6>Visos meditacijos stovyklos metu kilo daugyb\u0117 min\u010di\u0173, bet viena j\u0173 niekaip neapeido - kantriai laukdama kirb\u0117jo, kol tapo materija. J\u0105 matote \u0161iandien.<span style=\"font-size: 1em; letter-spacing: 0.0075em;\">\u00a0<\/span><\/h6>\n<h6>Ilgas valandas medituodama susid\u016briau ne tik su savo demonais, bet ir su nugaros bei keli\u0173 skausmais. Gr\u012f\u017eusi - s\u0117dau si\u016bti tobulos pagalv\u0117l\u0117s. Dabar ir j\u016bs ja galite d\u017eiaugtis!\u00a0<\/h6>    <\/div>\n<\/div>\n<!-- \/module text -->        <\/div>\n                    <div  data-lazy=\"1\" class=\"module_column sub_column col3-1 tb_2mix760 last\">\n                            <\/div>\n                    <\/div>\n                <\/div>\n                        <\/div>\n        <\/div>\n                        <div  data-css_id=\"8p5o539\" data-lazy=\"1\" class=\"module_row themify_builder_row fullwidth tb_8p5o539 tf_w\">\n                        <div class=\"row_inner col_align_top gutter-none tb_col_count_2 tf_box tf_rel\">\n                        <div  data-lazy=\"1\" class=\"module_column tb-column tb_f8h3540 first\">\n                    <!-- module text -->\n<div  class=\"module module-text tb_u2co492\" data-lazy=\"1\">\n        <div  class=\"tb_text_wrap\">\n        <h3 data-start=\"366\" data-end=\"607\">Tikslas<\/h3>\n<p data-start=\"366\" data-end=\"607\">Tikiu, jog meditacija yra vienas i\u0161 galingiausi\u0173 \u012franki\u0173 asmeniniam augimui, emocinei ir psichologinei sveikata palaikyti.<br data-start=\"525\" data-end=\"528\">Visi, kurie band\u0117te pakeisti savo rutin\u0105, \u017einote, jog  ... svarbiausia - nepaleisti!<\/p>\n<p data-start=\"609\" data-end=\"801\">Nor\u0117dama \u012fkv\u0117pti save ir jus rasti laiko meditacijai - suk\u016briau patogiausias ir gra\u017eiausias pagalv\u0117les. Jos tarnauja ilgus metus, o meditacija tampa  laukiama dienos dalimi.\u00a0<\/p>\n<p data-start=\"609\" data-end=\"801\">Mano svajon\u0117, jog medituoti - keliauti gilyn \u012f save, prad\u0117t\u0173 kuo daugiau \u017emoni\u0173.<\/p>\n<p data-start=\"911\" data-end=\"986\">Bendraukime soc. medijose, dalinkim\u0117s ir palaikykime vieni kitus.<\/p>    <\/div>\n<\/div>\n<!-- \/module text -->        <\/div>\n                    <div  data-lazy=\"1\" class=\"module_column tb-column tb_dnlx541 last\">\n                    <!-- module image -->\n<div  class=\"module module-image tb_rzre428 image-top   tf_mw\" data-lazy=\"1\" data-lax-translate-y=\"(vh*1) 0,(vh*0) -70\" data-lax=\"true\">\n        <div class=\"image-wrap tf_rel tf_mw\">\n            <img loading=\"lazy\" decoding=\"async\" width=\"533\" height=\"570\" src=\"https:\/\/arriveinner.com\/wp-content\/uploads\/2025\/04\/about-us-profife.jpg\" class=\"wp-post-image wp-image-1357\" title=\"About-us-profife\" alt=\"About-us-profife\" srcset=\"https:\/\/arriveinner.com\/wp-content\/uploads\/2025\/04\/about-us-profife.jpg 533w, https:\/\/arriveinner.com\/wp-content\/uploads\/2025\/04\/about-us-profife-281x300.jpg 281w\" sizes=\"auto, (max-width: 533px) 100vw, 533px\" \/>    \n        <\/div>\n    <!-- \/image-wrap -->\n    \n        <\/div>\n<!-- \/module image -->        <\/div>\n                        <\/div>\n        <\/div>\n                        <div  data-css_id=\"l3ps336\" data-lazy=\"1\" class=\"module_row themify_builder_row fullwidth tb_l3ps336 tf_w\">\n                        <div class=\"row_inner col_align_top tb_col_count_2 tf_box tf_rel\">\n                        <div  data-lazy=\"1\" class=\"module_column tb-column col4-2 tb_1m58337 first\">\n                    <!-- module text -->\n<div  class=\"module module-text tb_n9nt72\" data-lazy=\"1\" data-lax-translate-y=\"(vh*1) 0,(vh*0) -70\" data-lax=\"true\">\n        <div  class=\"tb_text_wrap\">\n        <h3>I\u0161 sav\u0173 rank\u0173<\/h3>\n<p class=\"\" data-start=\"288\" data-end=\"490\">Pa\u010dioje prad\u017eioje visk\u0105 dariau pati - siuvau, fotografavau, k\u016briau ir pakavau. Ir dabar daug darb\u0173 darau pati.<br data-start=\"417\" data-end=\"420\">Nuo pat prad\u017ei\u0173 \u017einojau - viskas turi b\u016bti gaminama Lietuvoje.<\/p>\n<p class=\"\" data-start=\"492\" data-end=\"784\">Tod\u0117l dirbame tik su vietiniais gamintojais, siuv\u0117jomis, net u\u017etrauktukai - gaminami Lietuvoje.<br data-start=\"685\" data-end=\"688\">Visus gaminius, kuriuos rasite \u0161ioje parduotuv\u0117je - k\u016br\u0117 vietiniai gamintojai, Lietuvoje.<\/p>\n<p class=\"\" data-start=\"786\" data-end=\"899\">Kiekvienas gaminys gimsta i\u0161 r\u016bpes\u010dio, kruop\u0161taus rank\u0173 darbo ir gilaus ry\u0161io su aplinka.<\/p>    <\/div>\n<\/div>\n<!-- \/module text -->        <\/div>\n                    <div  data-lazy=\"1\" class=\"module_column tb-column col4-2 tb_tudf26 last\">\n                    <!-- module image -->\n<div  class=\"module module-image tb_tpek386 image-top   auto_fullwidth tf_mw\" data-lazy=\"1\" data-lax-translate-y=\"(vh*1) 0,(vh*0) -70\" data-lax=\"true\">\n        <div class=\"image-wrap tf_rel tf_mw\">\n            <img loading=\"lazy\" decoding=\"async\" width=\"2560\" height=\"2144\" src=\"https:\/\/arriveinner.com\/wp-content\/uploads\/2024\/01\/bolster-evergreen-pr-scaled.jpg\" class=\"wp-post-image wp-image-1223\" title=\"Bolster-Evergreen-pr\" alt=\"evergreen meditation cushion set floor cushions\" srcset=\"https:\/\/arriveinner.com\/wp-content\/uploads\/2024\/01\/bolster-evergreen-pr-scaled.jpg 2560w, https:\/\/arriveinner.com\/wp-content\/uploads\/2024\/01\/bolster-evergreen-pr-300x251.jpg 300w, https:\/\/arriveinner.com\/wp-content\/uploads\/2024\/01\/bolster-evergreen-pr-1024x857.jpg 1024w, https:\/\/arriveinner.com\/wp-content\/uploads\/2024\/01\/bolster-evergreen-pr-768x643.jpg 768w, https:\/\/arriveinner.com\/wp-content\/uploads\/2024\/01\/bolster-evergreen-pr-1536x1286.jpg 1536w, https:\/\/arriveinner.com\/wp-content\/uploads\/2024\/01\/bolster-evergreen-pr-2048x1715.jpg 2048w, https:\/\/arriveinner.com\/wp-content\/uploads\/2024\/01\/bolster-evergreen-pr-600x502.jpg 600w\" sizes=\"auto, (max-width: 2560px) 100vw, 2560px\" \/>    \n        <\/div>\n    <!-- \/image-wrap -->\n    \n        <\/div>\n<!-- \/module image -->        <\/div>\n                        <\/div>\n        <\/div>\n                        <div  data-css_id=\"nquq554\" data-lazy=\"1\" class=\"module_row themify_builder_row fullwidth tb_nquq554 tf_w\">\n                        <div class=\"row_inner col_align_top tb_col_count_1 tf_box tf_rel\">\n                        <div  data-lazy=\"1\" class=\"module_column tb-column col-full tb_w6a3555 first\">\n                            <div  data-lazy=\"1\" class=\"module_subrow themify_builder_sub_row tf_w col_align_top tb_col_count_1 tb_kspm555\">\n                <div  data-lazy=\"1\" class=\"module_column sub_column col-full tb_eig7556 first\">\n                    <!-- module text -->\n<div  class=\"module module-text tb_82ux556\" data-lazy=\"1\">\n        <div  class=\"tb_text_wrap\">\n        <h2>\u00a0Patenkinti pirk\u0117jai<\/h2>    <\/div>\n<\/div>\n<!-- \/module text --><!-- module text -->\n<div  class=\"module module-text tb_x6wi556\" data-lazy=\"1\">\n        <div  class=\"tb_text_wrap\">\n        <p>Jei turite klausim\u0173 apie m\u016bs\u0173 gaminius arba ie\u0161kote tobulos meditacijos pagalv\u0117s \u2013 mes visuomet pasiruo\u0161\u0119 jums pad\u0117ti.<\/p>    <\/div>\n<\/div>\n<!-- \/module text -->        <\/div>\n                    <\/div>\n                <\/div>\n                        <\/div>\n        <\/div>\n                        <div  data-lazy=\"1\" class=\"module_row themify_builder_row tb_sozl51 tf_w\">\n                        <div class=\"row_inner col_align_top tb_col_count_1 tf_box tf_rel\">\n                        <div  data-lazy=\"1\" class=\"module_column tb-column col-full tb_5rjz52 first\">\n                            <div  data-lazy=\"1\" class=\"module_subrow themify_builder_sub_row tf_w col_align_top tb_col_count_3 tb_cexj462\">\n                <div  data-lazy=\"1\" class=\"module_column sub_column col3-1 tb_tt99462 first\">\n                    <!-- module image -->\n<div  class=\"module module-image tb_iwqy190 image-center   tf_mw\" data-lazy=\"1\">\n        <div class=\"image-wrap tf_rel tf_mw\">\n            <img loading=\"lazy\" decoding=\"async\" src=\"http:\/\/arriveinner.com\/wp-content\/uploads\/2024\/01\/Green-430.jpg\" width=\"360\" height=\"430\" title=\"Apie mus\" alt=\"About Us\">    \n        <\/div>\n    <!-- \/image-wrap -->\n    \n        <\/div>\n<!-- \/module image -->        <\/div>\n                    <div  data-lazy=\"1\" class=\"module_column sub_column col3-1 tb_gs4a463\">\n                    <!-- module image -->\n<div  class=\"module module-image tb_b10f6 image-center   tf_mw\" data-lazy=\"1\">\n        <div class=\"image-wrap tf_rel tf_mw\">\n            <img loading=\"lazy\" decoding=\"async\" src=\"http:\/\/arriveinner.com\/wp-content\/uploads\/2024\/01\/Beige-430-1.jpg\" width=\"360\" height=\"430\" title=\"Apie mus\" alt=\"About Us\">    \n        <\/div>\n    <!-- \/image-wrap -->\n    \n        <\/div>\n<!-- \/module image -->        <\/div>\n                    <div  data-lazy=\"1\" class=\"module_column sub_column col3-1 tb_ucwl463 last\">\n                    <!-- module image -->\n<div  class=\"module module-image tb_uuu8724 image-center   tf_mw\" data-lazy=\"1\">\n        <div class=\"image-wrap tf_rel tf_mw\">\n            <img loading=\"lazy\" decoding=\"async\" src=\"http:\/\/arriveinner.com\/wp-content\/uploads\/2024\/01\/melynas-430.jpg\" width=\"360\" height=\"430\" title=\"Apie mus\" alt=\"About Us\">    \n        <\/div>\n    <!-- \/image-wrap -->\n    \n        <\/div>\n<!-- \/module image -->        <\/div>\n                    <\/div>\n                <\/div>\n                        <\/div>\n        <\/div>\n                        <div  data-lazy=\"1\" class=\"module_row themify_builder_row tb_yfmw23 tf_w\">\n                        <div class=\"row_inner col_align_top tb_col_count_1 tf_box tf_rel\">\n                        <div  data-lazy=\"1\" class=\"module_column tb-column col-full tb_d3a824 first\">\n                            <\/div>\n                        <\/div>\n        <\/div>\n        <\/div>\n<!--\/themify_builder_content-->","protected":false},"excerpt":{"rendered":"<p>Apie mus<\/p>","protected":false},"author":1,"featured_media":0,"parent":0,"menu_order":0,"comment_status":"closed","ping_status":"closed","template":"","meta":{"_seopress_robots_primary_cat":"","_seopress_titles_title":"","_seopress_titles_desc":"","_seopress_robots_index":"","footnotes":""},"class_list":["post-51","page","type-page","status-publish","hentry","has-post-title","has-post-date","has-post-category","has-post-tag","has-post-comment","has-post-author",""],"jetpack_sharing_enabled":true,"builder_content":"<h1>About Us<\/h1>\n<img src=\"https:\/\/arriveinner.com\/wp-content\/uploads\/2025\/04\/about-1330-x-460-px-scaled.jpg\" title=\"about-(1330-x-460-px)\" alt=\"about-(1330-x-460-px)\" srcset=\"https:\/\/arriveinner.com\/wp-content\/uploads\/2025\/04\/about-1330-x-460-px-scaled.jpg 2560w, https:\/\/arriveinner.com\/wp-content\/uploads\/2025\/04\/about-1330-x-460-px-300x104.jpg 300w, https:\/\/arriveinner.com\/wp-content\/uploads\/2025\/04\/about-1330-x-460-px-1024x354.jpg 1024w, https:\/\/arriveinner.com\/wp-content\/uploads\/2025\/04\/about-1330-x-460-px-768x266.jpg 768w, https:\/\/arriveinner.com\/wp-content\/uploads\/2025\/04\/about-1330-x-460-px-1536x531.jpg 1536w, https:\/\/arriveinner.com\/wp-content\/uploads\/2025\/04\/about-1330-x-460-px-2048x708.jpg 2048w, https:\/\/arriveinner.com\/wp-content\/uploads\/2025\/04\/about-1330-x-460-px-600x208.jpg 600w\" sizes=\"(max-width: 2560px) 100vw, 2560px\" \/>\n<h2>Our story<\/h2>\n<h3>started in meditation room<\/h3> In the world overflown with meaningless stuff drives us to create things that are\u00a0\u00a0meaningful, ethically made and timeless. \u00a0\n<img src=\"https:\/\/arriveinner.com\/wp-content\/uploads\/2025\/04\/about-us-560660.jpg\" title=\"About Us\" alt=\"About Us\">\n<h6>Hi, I'm R\u016bta -\u00a0 creator of this place. Life changed when I found Vipassana meditation. From anxious, loudly unhappy controlling woman I found a way to inner peace and harmony.\u00a0<\/h6> <h6>During the practice, many ideas raised and disappeared, but this one was persistent.\u00a0<\/h6> <h6>The idea of a perfect setting for a comfortable meditation was born while meditating long hours getting know to myself, my demons and my strengths.\u00a0<\/h6>\n<h3 data-start=\"366\" data-end=\"607\">Our Goal<\/h3> <p data-start=\"366\" data-end=\"607\">We believe meditation is one of the most powerful habits you can cultivate\u2014for your mental clarity, emotional balance, and well-being.<br data-start=\"525\" data-end=\"528\">But as anyone who\u2019s ever tried knows... the hardest part is staying consistent.<\/p> <p data-start=\"609\" data-end=\"801\">That was the reason I created this brand: to design ethically made, timeless meditation and yoga props so beautiful and comfortable, they invite you to return to your practice \u2014 day after day.\u00a0<\/p> <p data-start=\"609\" data-end=\"801\">Our dream is to build a community where we uplift, support, and inspire each other on this journey inward.<\/p> <p data-start=\"911\" data-end=\"986\">Let\u2019s connect on social media \u2014your next breath might lead you home.<\/p>\n<img src=\"https:\/\/arriveinner.com\/wp-content\/uploads\/2025\/04\/about-us-profife.jpg\" title=\"About-us-profife\" alt=\"About-us-profife\" srcset=\"https:\/\/arriveinner.com\/wp-content\/uploads\/2025\/04\/about-us-profife.jpg 533w, https:\/\/arriveinner.com\/wp-content\/uploads\/2025\/04\/about-us-profife-281x300.jpg 281w\" sizes=\"(max-width: 533px) 100vw, 533px\" \/>\n<h3>Local is the key<\/h3> <p data-start=\"288\" data-end=\"490\">In the early years, I did everything myself\u2014sewing each cushion, photographing products, creating content, and managing the shop.<br data-start=\"417\" data-end=\"420\">From the very beginning, I knew I wanted to keep things close to home.<\/p> <p data-start=\"492\" data-end=\"784\">That\u2019s why we work exclusively with local seamstresses, zipper manufacturer, a trusted buckwheat hulls provider, and beautiful linen and velvet fabrics\u2014all made here, in Lithuania.<br data-start=\"685\" data-end=\"688\">Even the interior design details are handmade by me or thoughtfully sourced from local artisans.<\/p> <p data-start=\"786\" data-end=\"899\">Every part is rooted in care, craftsmanship, and connection with the land and the people behind it.<\/p>\n<img src=\"https:\/\/arriveinner.com\/wp-content\/uploads\/2024\/01\/bolster-evergreen-pr-scaled.jpg\" title=\"Bolster-Evergreen-pr\" alt=\"evergreen meditation cushion set floor cushions\" srcset=\"https:\/\/arriveinner.com\/wp-content\/uploads\/2024\/01\/bolster-evergreen-pr-scaled.jpg 2560w, https:\/\/arriveinner.com\/wp-content\/uploads\/2024\/01\/bolster-evergreen-pr-300x251.jpg 300w, https:\/\/arriveinner.com\/wp-content\/uploads\/2024\/01\/bolster-evergreen-pr-1024x857.jpg 1024w, https:\/\/arriveinner.com\/wp-content\/uploads\/2024\/01\/bolster-evergreen-pr-768x643.jpg 768w, https:\/\/arriveinner.com\/wp-content\/uploads\/2024\/01\/bolster-evergreen-pr-1536x1286.jpg 1536w, https:\/\/arriveinner.com\/wp-content\/uploads\/2024\/01\/bolster-evergreen-pr-2048x1715.jpg 2048w, https:\/\/arriveinner.com\/wp-content\/uploads\/2024\/01\/bolster-evergreen-pr-600x502.jpg 600w\" sizes=\"(max-width: 2560px) 100vw, 2560px\" \/>\n<h2>\u00a0Customer Service<\/h2>\n<p>Whether you have questions about a product or need assistance with choosing your perfect cushion - we're here to help.<\/p>\n<img src=\"http:\/\/arriveinner.com\/wp-content\/uploads\/2024\/01\/Green-430.jpg\" width=\"360\" height=\"430\" title=\"About Us\" alt=\"About Us\">\n<img src=\"http:\/\/arriveinner.com\/wp-content\/uploads\/2024\/01\/Beige-430-1.jpg\" width=\"360\" height=\"430\" title=\"About Us\" alt=\"About Us\">\n<img src=\"http:\/\/arriveinner.com\/wp-content\/uploads\/2024\/01\/melynas-430.jpg\" width=\"360\" height=\"430\" title=\"About Us\" alt=\"About Us\">","_links":{"self":[{"href":"https:\/\/arriveinner.com\/lt\/wp-json\/wp\/v2\/pages\/51","targetHints":{"allow":["GET"]}}],"collection":[{"href":"https:\/\/arriveinner.com\/lt\/wp-json\/wp\/v2\/pages"}],"about":[{"href":"https:\/\/arriveinner.com\/lt\/wp-json\/wp\/v2\/types\/page"}],"author":[{"embeddable":true,"href":"https:\/\/arriveinner.com\/lt\/wp-json\/wp\/v2\/users\/1"}],"replies":[{"embeddable":true,"href":"https:\/\/arriveinner.com\/lt\/wp-json\/wp\/v2\/comments?post=51"}],"version-history":[{"count":68,"href":"https:\/\/arriveinner.com\/lt\/wp-json\/wp\/v2\/pages\/51\/revisions"}],"predecessor-version":[{"id":1378,"href":"https:\/\/arriveinner.com\/lt\/wp-json\/wp\/v2\/pages\/51\/revisions\/1378"}],"wp:attachment":[{"href":"https:\/\/arriveinner.com\/lt\/wp-json\/wp\/v2\/media?parent=51"}],"curies":[{"name":"wp","href":"https:\/\/api.w.org\/{rel}","templated":true}]}}