{"id":50,"date":"2021-11-22T10:25:34","date_gmt":"2021-11-22T10:25:34","guid":{"rendered":"http:\/\/arriveinner.com\/contact\/"},"modified":"2025-08-23T14:55:43","modified_gmt":"2025-08-23T14:55:43","slug":"contact","status":"publish","type":"page","link":"https:\/\/arriveinner.com\/lt\/contact\/","title":{"rendered":"Susisiekime"},"content":{"rendered":"<!--themify_builder_content-->\n<div id=\"themify_builder_content-50\" data-postid=\"50\" class=\"themify_builder_content themify_builder_content-50 themify_builder tf_clear\">\n                    <div  data-css_id=\"7csg986\" data-lazy=\"1\" class=\"module_row themify_builder_row fullwidth tb_7csg986 tb_first tf_w\">\n                        <div class=\"row_inner col_align_top tb_col_count_1 tf_box tf_rel\">\n                        <div  data-lazy=\"1\" class=\"module_column tb-column col-full tb_a29w989 first\">\n                    <!-- module text -->\n<div  class=\"module module-text tb_euc1174\" data-lazy=\"1\">\n        <div  class=\"tb_text_wrap\">\n        <h1>Susisiekime<\/h1>    <\/div>\n<\/div>\n<!-- \/module text --><!-- module image -->\n<div  class=\"module module-image tb_7eo2966 image-right   auto_fullwidth tf_mw\" data-lazy=\"1\">\n        <div class=\"image-wrap tf_rel tf_mw\">\n            <img loading=\"lazy\" decoding=\"async\" src=\"http:\/\/arriveinner.com\/wp-content\/uploads\/2024\/01\/Contact-us-1.jpg\" width=\"1330\" height=\"459\" title=\"Susisiekime\" alt=\"Contact\">    \n        <\/div>\n    <!-- \/image-wrap -->\n    \n        <\/div>\n<!-- \/module image -->        <\/div>\n                        <\/div>\n        <\/div>\n                        <div  data-css_id=\"qq4g981\" data-lazy=\"1\" class=\"module_row themify_builder_row fullwidth tb_qq4g981 tf_w\">\n                        <div class=\"row_inner col_align_middle tb_col_count_3 tf_box tf_rel\">\n                        <div  data-lazy=\"1\" class=\"module_column tb-column col3-1 tb_v13b983 first\">\n                    <!-- module image -->\n<div  class=\"module module-image tb_g3qy141 image-left   tf_mw\" data-lazy=\"1\" data-lax-translate-y=\"(vh*1) 0,(vh*0) -70\" data-lax=\"true\">\n        <div class=\"image-wrap tf_rel tf_mw\">\n            <img loading=\"lazy\" decoding=\"async\" src=\"http:\/\/arriveinner.com\/wp-content\/uploads\/2024\/01\/Contact-us2-1.jpg\" width=\"473\" height=\"665\" title=\"Susisiekime\" alt=\"Contact\">    \n        <\/div>\n    <!-- \/image-wrap -->\n    \n        <\/div>\n<!-- \/module image -->        <\/div>\n                    <div  data-lazy=\"1\" class=\"module_column tb-column col3-1 tb_p27k983\">\n                    <!-- module text -->\n<div  class=\"module module-text tb_unis651\" data-lazy=\"1\">\n        <div  class=\"tb_text_wrap\">\n        <p>\u00a0Jeigu turite klausim\u0173 ar kyla nesklandum\u0173 - kreipkit\u0117s tiesiai \u012f mus.<\/p>\n<p>Ma\u017emenin\u0117s prekybos ir bendradarbiavimo galimyb\u0117s yra visada laukiamos, susisiekite su mumis.\u00a0<\/p>    <\/div>\n<\/div>\n<!-- \/module text --><!-- module text -->\n<div  class=\"module module-text tb_moz0164\" data-lazy=\"1\">\n        <div  class=\"tb_text_wrap\">\n        <h5>Email<\/h5>\n<p>info@arriveinner.com<\/p>    <\/div>\n<\/div>\n<!-- \/module text --><!-- module divider -->\n<div  class=\"module tf_mw module-divider tb_f2f4195 solid  divider-custom divider-left\" style=\"border-width: 1px;border-color: #575353;max-width: 198px;\" data-lazy=\"1\">\n    <\/div>\n<!-- \/module divider -->\n        <\/div>\n                    <div  data-lazy=\"1\" class=\"module_column tb-column col3-1 tb_vxck113 last\">\n                            <\/div>\n                        <\/div>\n        <\/div>\n                        <div  data-lazy=\"1\" class=\"module_row themify_builder_row tb_bcj2549 tf_w\">\n                        <div class=\"row_inner col_align_top tb_col_count_2 tf_box tf_rel\">\n                        <div  data-lazy=\"1\" class=\"module_column tb-column tb_qqc1550 first\">\n                    <!-- module text -->\n<div  class=\"module module-text tb_tvh0670\" data-lazy=\"1\">\n        <div  class=\"tb_text_wrap\">\n        <h3>Para\u0161ykite mums<\/h3>    <\/div>\n<\/div>\n<!-- \/module text --><!-- module text -->\n<div  class=\"module module-text tb_0gz7884\" data-lazy=\"1\">\n        <div  class=\"tb_text_wrap\">\n        <p>Jei pageidaujate susisiekti su mumis internetu, galite naudoti \u017eemiau esan\u010di\u0105 kontaktin\u0119 form\u0105. Pra\u0161ome pateikti kuo daugiau informacijos apie savo u\u017eklaus\u0105, ir m\u016bs\u0173 komanda kuo grei\u010diau atsakys \u012f j\u016bs\u0173 \u017einut\u0119.<\/p>    <\/div>\n<\/div>\n<!-- \/module text --><!-- module contact -->\n<div  id=\"tb_huuk564\" class=\"module module-contact tb_huuk564 contact-style1\" data-lazy=\"1\">\n    \n\t<form class=\"builder-contact\"\n\t\tid=\"tb_huuk564-form\"\n\t\tmethod=\"post\"\n\t\tdata-post-id=\"50\"\n\t\tdata-element-id=\"huuk564\"\n\t\tdata-orig-id=\"50\" action=\"\"\n\t>\n    <div class=\"contact-message\"><\/div>\n\t<input type=\"hidden\" id=\"bc_nonce\" name=\"bc_nonce\" value=\"0cabf4207c\" \/><input type=\"hidden\" name=\"_wp_http_referer\" value=\"\/lt\/wp-json\/wp\/v2\/pages\/50\" \/>\t<div class=\"builder-contact-fields tf_rel\">\n\t\t    \t\t    <div class=\"builder-contact-field builder-contact-field-name builder-contact-text-field\">\n\t\t\t    <label class=\"control-label\" for=\"tb_huuk564-contact-name\">\n\t\t\t\t\t\t\t\t\t\t<span class=\"tb-label-span\">Vardas <\/span><span class=\"required\">*<\/span>\t\t\t\t<\/label>\n\t\t\t    <div class=\"control-input tf_rel\">\n\t\t\t\t    \t\t\t\t\t    <input type=\"text\" name=\"contact-name\" placeholder=\"\" id=\"tb_huuk564-contact-name\" value=\"\" class=\"form-control\" required>\n\t\t\t\t    \t\t\t\t    \t\t\t    <\/div>\n\t\t<\/div>\n\t    \n\t\t    \t\t    <div class=\"builder-contact-field builder-contact-field-email builder-contact-text-field\">\n\t\t\t    <label class=\"control-label\" for=\"tb_huuk564-contact-email\">\n\t\t\t\t\t\t\t\t\t\t<span class=\"tb-label-span\">Email <\/span><span class=\"required\">*<\/span>\t\t\t\t<\/label>\n\t\t\t    <div class=\"control-input tf_rel\">\n\t\t\t\t    \t\t\t\t\t    <input type=\"email\" name=\"contact-email\" placeholder=\"\" id=\"tb_huuk564-contact-email\" value=\"\" class=\"form-control\" required>\n\t\t\t\t    \t\t\t\t    \t\t\t    <\/div>\n\t\t<\/div>\n\t    \n\t\t    \t\t    <div class=\"builder-contact-field builder-contact-field-subject builder-contact-text-field\">\n\t\t\t    <label class=\"control-label\" for=\"tb_huuk564-contact-subject\">\n\t\t\t\t\t\t\t\t\t\t<span class=\"tb-label-span\">Tema <\/span><span class=\"required\">*<\/span>\t\t\t\t<\/label>\n\t\t\t    <div class=\"control-input tf_rel\">\n\t\t\t\t    \t\t\t\t\t    <input type=\"text\" name=\"contact-subject\" placeholder=\"\" id=\"tb_huuk564-contact-subject\" value=\"\" class=\"form-control\" required>\n\t\t\t\t    \t\t\t\t    \t\t\t    <\/div>\n\t\t<\/div>\n\t    \n\t\t    \t\t    <div class=\"builder-contact-field builder-contact-field-message builder-contact-textarea-field\">\n\t\t\t    <label class=\"control-label\" for=\"tb_huuk564-contact-message\">\n\t\t\t\t\t\t\t\t\t\t<span class=\"tb-label-span\">\u017dinut\u0117 <\/span>\t\t\t\t<\/label>\n\t\t\t    <div class=\"control-input tf_rel\">\n\t\t\t\t    \t\t\t\t\t    <textarea name=\"contact-message\" placeholder=\"\" id=\"tb_huuk564-contact-message\" class=\"form-control\"><\/textarea>\n\t\t\t\t    \t\t\t\t    \t\t\t    <\/div>\n\t\t<\/div>\n\t    \n\t\t    \t\t\n\t\t\n\t    \t\t\t<div class=\"builder-contact-field builder-contact-field-captcha\">\n\n\t\t\t\t\t\t\t\t\t<label class=\"control-label\">\n\t\t\t\t\t\t<span><\/span>\n\t\t\t\t\t\t<span class=\"required\">*<\/span>\n\t\t\t\t\t<\/label>\n\t\t\t\t\n\t\t\t\t<div class=\"control-input tf_rel\">\n                    <div class=\"themify_captcha_field g-recaptcha\" data-sitekey=\"6LfOkqEpAAAAANZg9EPmfWHvtyx2U2S4sgsU5FAu\" data-ver=\"v2\"><\/div>\t\t\t\t<\/div>\n\n\t\t\t<\/div><!-- .builder-contact-field-captcha -->\n\t    \n\t    <div class=\"builder-contact-field builder-contact-field-send control-input tf_textl tf_clear tf_rel\">\n\t\t\t<button type=\"submit\" class=\"btn btn-primary\">\n\t\t\t\t<span class=\"tf_loader\"><\/span>\t\t\t\t<span class=\"tf_submit_icon\"><\/span> \n\t\t\t\tSi\u0173sti\t\t\t<\/button>\n\t    <\/div>\n\t<\/div>\n    <input type=\"hidden\" name=\"trp-form-language\" value=\"lt\"\/><\/form>\n    <\/div>\n<!-- \/module contact -->\n        <\/div>\n                    <div  data-lazy=\"1\" class=\"module_column tb-column tb_2rtb550 last\">\n                            <div  data-lazy=\"1\" class=\"module_subrow themify_builder_sub_row tf_w col_align_top tb_col_count_1 tb_4421373\">\n                <div  data-lazy=\"1\" class=\"module_column sub_column col-full tb_lwdf373 first\">\n                    <!-- module text -->\n<div  class=\"module module-text tb_ev7o373\" data-lazy=\"1\">\n        <div  class=\"tb_text_wrap\">\n        <h2>Eiti<\/h2>    <\/div>\n<\/div>\n<!-- \/module text --><!-- module text -->\n<div  class=\"module module-text tb_n3m7373\" data-lazy=\"1\">\n        <div  class=\"tb_text_wrap\">\n        <h3>Socializuokim\u0117s!\u00a0<\/h3>    <\/div>\n<\/div>\n<!-- \/module text --><!-- module text -->\n<div  class=\"module module-text tb_c80a460\" data-lazy=\"1\">\n        <div  class=\"tb_text_wrap\">\n            <\/div>\n<\/div>\n<!-- \/module text -->        <\/div>\n                    <\/div>\n                <\/div>\n                        <\/div>\n        <\/div>\n                        <div  data-lazy=\"1\" class=\"module_row themify_builder_row tb_ha81868 tf_w\">\n                        <div class=\"row_inner col_align_top tb_col_count_1 tf_box tf_rel\">\n                        <div  data-lazy=\"1\" class=\"module_column tb-column col-full tb_qw65868 first\">\n                    <!-- module social share -->\n<div  class=\"module module-social-share tb_fvdi719  tb_ss_size_normal tb_ss_shape_none\" data-lazy=\"1\" data-title=\"\" data-url=\"\">\n        <div class=\"module-social-share-wrapper\">\n                                            <div class=\"ss_anchor_wrap tf_inline_b\">\n                        <a href=\"#\" data-type=\"facebook\">\n                            <em class=\"tb_social_share_icon\"><svg  aria-label=\"Facebook\" class=\"tf_fa tf-ti-facebook\" xmlns:xlink=\"http:\/\/www.w3.org\/1999\/xlink\" role=\"img\"><use href=\"#tf-ti-facebook\" xlink:href=\"#tf-ti-facebook\"><\/use><\/svg><\/em>\n                                                    <\/a>\n                    <\/div>\n                                    <div class=\"ss_anchor_wrap tf_inline_b\">\n                        <a href=\"#\" data-type=\"pinterest\">\n                            <em class=\"tb_social_share_icon\"><svg  aria-label=\"Pinterest\" class=\"tf_fa tf-ti-pinterest\" xmlns:xlink=\"http:\/\/www.w3.org\/1999\/xlink\" role=\"img\"><use href=\"#tf-ti-pinterest\" xlink:href=\"#tf-ti-pinterest\"><\/use><\/svg><\/em>\n                                                    <\/a>\n                    <\/div>\n                                    <div class=\"ss_anchor_wrap tf_inline_b\">\n                        <a href=\"#\" data-type=\"email\">\n                            <em class=\"tb_social_share_icon\"><svg  aria-label=\"Email\" class=\"tf_fa tf-ti-email\" xmlns:xlink=\"http:\/\/www.w3.org\/1999\/xlink\" role=\"img\"><use href=\"#tf-ti-email\" xlink:href=\"#tf-ti-email\"><\/use><\/svg><\/em>\n                                                    <\/a>\n                    <\/div>\n                            <\/div>\n<\/div>\n<!-- \/module social share -->\n        <\/div>\n                        <\/div>\n        <\/div>\n        <\/div>\n<!--\/themify_builder_content-->","protected":false},"excerpt":{"rendered":"<p>Susisiekime<\/p>","protected":false},"author":1,"featured_media":0,"parent":0,"menu_order":0,"comment_status":"closed","ping_status":"closed","template":"","meta":{"_seopress_robots_primary_cat":"","_seopress_titles_title":"","_seopress_titles_desc":"","_seopress_robots_index":"","footnotes":""},"class_list":["post-50","page","type-page","status-publish","hentry","has-post-title","has-post-date","has-post-category","has-post-tag","has-post-comment","has-post-author",""],"jetpack_sharing_enabled":true,"builder_content":"<h1>Contact<\/h1>\n<img src=\"http:\/\/arriveinner.com\/wp-content\/uploads\/2024\/01\/Contact-us-1.jpg\" width=\"1330\" height=\"459\" title=\"Contact\" alt=\"Contact\">\n<img src=\"http:\/\/arriveinner.com\/wp-content\/uploads\/2024\/01\/Contact-us2-1.jpg\" width=\"473\" height=\"665\" title=\"Contact\" alt=\"Contact\">\n<p>\u00a0If you have any questions, concerns, please don't hesitate to reach out.<\/p> <p>Retail and social collaborations are very welcome, get in touch with us.\u00a0<\/p>\n<h5>Email<\/h5> <p>info@arriveinner.com<\/p>\n\n<h3>Send us a message<\/h3>\n<p>If you prefer to contact us online, you can use the contact form below. Please provide as much detail as possible regarding your inquiry, and our team will respond to your message as soon as possible.<\/p>\n<form id=\"tb_huuk564-form\" method=\"post\" data-post-id=\"0\" data-element-id=\"huuk564\" data-orig-id=\"50\" > <input type=\"hidden\" id=\"bc_nonce\" name=\"bc_nonce\" value=\"0cabf4207c\" \/><input type=\"hidden\" name=\"_wp_http_referer\" value=\"\/lt\/wp-json\/wp\/v2\/pages\/50\" \/> <label for=\"tb_huuk564-contact-name\"> Name * <\/label> <input type=\"text\" name=\"contact-name\" placeholder=\"\" id=\"tb_huuk564-contact-name\" value=\"\" required> <label for=\"tb_huuk564-contact-email\"> Email * <\/label> <input type=\"email\" name=\"contact-email\" placeholder=\"\" id=\"tb_huuk564-contact-email\" value=\"\" required> <label for=\"tb_huuk564-contact-subject\"> Subject * <\/label> <input type=\"text\" name=\"contact-subject\" placeholder=\"\" id=\"tb_huuk564-contact-subject\" value=\"\" required> <label for=\"tb_huuk564-contact-message\"> Message <\/label> <textarea name=\"contact-message\" placeholder=\"\" id=\"tb_huuk564-contact-message\"><\/textarea> \n <label> * <\/label> \n <button type=\"submit\"> Send <\/button> <\/form>\n<h2>Visit<\/h2>\n<h3>Let's socialize\u00a0<\/h3>\n\n<a href=\"#\" data-type=\"facebook\"> <em><svg aria-label=\"Facebook\" xmlns:xlink=\"http:\/\/www.w3.org\/1999\/xlink\" role=\"img\"><use href=\"#tf-ti-facebook\" xlink:href=\"#tf-ti-facebook\"><\/use><\/svg><\/em> <\/a> <a href=\"#\" data-type=\"pinterest\"> <em><svg aria-label=\"Pinterest\" xmlns:xlink=\"http:\/\/www.w3.org\/1999\/xlink\" role=\"img\"><use href=\"#tf-ti-pinterest\" xlink:href=\"#tf-ti-pinterest\"><\/use><\/svg><\/em> <\/a> <a href=\"#\" data-type=\"email\"> <em><svg aria-label=\"Email\" xmlns:xlink=\"http:\/\/www.w3.org\/1999\/xlink\" role=\"img\"><use href=\"#tf-ti-email\" xlink:href=\"#tf-ti-email\"><\/use><\/svg><\/em> <\/a>","_links":{"self":[{"href":"https:\/\/arriveinner.com\/lt\/wp-json\/wp\/v2\/pages\/50","targetHints":{"allow":["GET"]}}],"collection":[{"href":"https:\/\/arriveinner.com\/lt\/wp-json\/wp\/v2\/pages"}],"about":[{"href":"https:\/\/arriveinner.com\/lt\/wp-json\/wp\/v2\/types\/page"}],"author":[{"embeddable":true,"href":"https:\/\/arriveinner.com\/lt\/wp-json\/wp\/v2\/users\/1"}],"replies":[{"embeddable":true,"href":"https:\/\/arriveinner.com\/lt\/wp-json\/wp\/v2\/comments?post=50"}],"version-history":[{"count":26,"href":"https:\/\/arriveinner.com\/lt\/wp-json\/wp\/v2\/pages\/50\/revisions"}],"predecessor-version":[{"id":1467,"href":"https:\/\/arriveinner.com\/lt\/wp-json\/wp\/v2\/pages\/50\/revisions\/1467"}],"wp:attachment":[{"href":"https:\/\/arriveinner.com\/lt\/wp-json\/wp\/v2\/media?parent=50"}],"curies":[{"name":"wp","href":"https:\/\/api.w.org\/{rel}","templated":true}]}}