{"id":140,"date":"2024-01-11T16:04:54","date_gmt":"2024-01-11T16:04:54","guid":{"rendered":"http:\/\/arriveinner.com\/?page_id=140"},"modified":"2024-11-11T17:17:27","modified_gmt":"2024-11-11T17:17:27","slug":"materials","status":"publish","type":"page","link":"https:\/\/arriveinner.com\/lt\/materials\/","title":{"rendered":"Materials"},"content":{"rendered":"<!--themify_builder_content-->\n<div id=\"themify_builder_content-140\" data-postid=\"140\" class=\"themify_builder_content themify_builder_content-140 themify_builder tf_clear\">\n                    <div  data-css_id=\"fx1z692\" data-lazy=\"1\" class=\"module_row themify_builder_row fullwidth tb_fx1z692 tb_first tf_w\">\n                        <div class=\"row_inner col_align_top tb_col_count_1 tf_box tf_rel\">\n                        <div  data-lazy=\"1\" class=\"module_column tb-column col-full tb_q86r692 first\">\n                            <\/div>\n                        <\/div>\n        <\/div>\n                        <div  data-css_id=\"ll1u693\" data-lazy=\"1\" class=\"module_row themify_builder_row fullwidth tb_ll1u693 tf_w\">\n                        <div class=\"row_inner col_align_top tb_col_count_1 tf_box tf_rel\">\n                        <div  data-lazy=\"1\" class=\"module_column tb-column col-full tb_yt23693 first\">\n                            <div  data-lazy=\"1\" class=\"module_subrow themify_builder_sub_row tf_w col_align_top tb_col_count_1 tb_y4ly693\">\n                <div  data-lazy=\"1\" class=\"module_column sub_column col-full tb_qih0693 first\">\n                    <!-- module text -->\n<div  class=\"module module-text tb_3tol693\" data-lazy=\"1\">\n        <div  class=\"tb_text_wrap\">\n        <h2>Tik Kokyb\u0117\u00a0<\/h2>    <\/div>\n<\/div>\n<!-- \/module text --><!-- module text -->\n<div  class=\"module module-text tb_l4ft693\" data-lazy=\"1\">\n        <div  class=\"tb_text_wrap\">\n        <h3 class=\"section-header__title\">Kod\u0117l griki\u0173 luk\u0161tai?<\/h3>    <\/div>\n<\/div>\n<!-- \/module text -->        <\/div>\n                    <\/div>\n                <div  data-lazy=\"1\" class=\"module_subrow themify_builder_sub_row tf_w col_align_top tb_col_count_2 tb_jbe8694\">\n                <div  data-lazy=\"1\" class=\"module_column sub_column col3-1 tb_1jr9694 first\">\n                    <!-- module image -->\n<div  class=\"module module-image tb_v2k1694 image-top   auto_fullwidth tf_mw\" data-lazy=\"1\" data-lax-translate-y=\"(vh*1) 0,(vh*0) -70\" data-lax=\"true\">\n        <div class=\"image-wrap tf_rel tf_mw\">\n            <img loading=\"lazy\" decoding=\"async\" src=\"http:\/\/arriveinner.com\/wp-content\/uploads\/2024\/01\/Buckweat-blossom.-Materials.jpg\" width=\"470\" height=\"660\" title=\"Materials\" alt=\"Materials\">    \n        <\/div>\n    <!-- \/image-wrap -->\n    \n        <\/div>\n<!-- \/module image -->        <\/div>\n                    <div  data-lazy=\"1\" class=\"module_column sub_column col3-2 tb_88ux694 last\">\n                    <!-- module text -->\n<div  class=\"module module-text tb_rzi5694\" data-lazy=\"1\">\n        <div  class=\"tb_text_wrap\">\n        <h3><span style=\"letter-spacing: 0.12744px;\">Griki\u0173 luk\u0161t\u0173 komfortas<\/span><\/h3><p>Griki\u0173 luk\u0161tai jau \u0161imtme\u010dius naudojami kaip nat\u016bralus pagalv\u0117li\u0173, pagalvi\u0173 ir \u010diu\u017eini\u0173 u\u017epildas pasaulyje, ypa\u010d Azijoje ir ne be reikalo. Skirtingai nuo \u012fprast\u0173 pagalvi\u0173 u\u017epild\u0173, griki\u0173 luk\u0161tai suteikia ergonomi\u0161k\u0105 atram\u0105, leisdami orui laisvai cirkuliuoti ir puikiai prisitaikydami prie j\u016bs\u0173 k\u016bno kont\u016br\u0173. Juose negyvene kenk\u0117jai, k\u016bnas kv\u0117puoja, o ne prakaituoja. D\u0117l to m\u016bs\u0173 meditacijos pagalv\u0117l\u0117s idealiai tinka norint i\u0161laikyti stabilum\u0105 ir komfort\u0105 ilg\u0173 meditacijos seans\u0173 metu.&nbsp;<\/p>\n<p>Beja, griki\u0173 luk\u0161tai yra mylimi ir d\u0117l savo temperat\u016bros neutralumo, tod\u0117l j\u016bs\u0173 pagalv\u0117l\u0117 vasar\u0105 i\u0161lieka v\u0117si, o \u017eiem\u0105 \u2013 \u0161ilta, puikiai tinka naudoti i\u0161tisus metus.<\/p><h3>Tvaru ir tinka alergi\u0161kiems \u017emon\u0117ms<\/h3>\n<p>Griki\u0173 luk\u0161tai yra gamtos dovana - ekologi\u0161ki, ilgaam\u017eiai ir hipoalergi\u0161ki. Did\u017eiuojam\u0117s gal\u0117dami dirbti su vietiniais \u016bkiais, taip suma\u017eindami poveik\u012f aplinkai ir u\u017etikrindami auk\u0161\u010diausi\u0105 kokyb\u0119. JOkio papildomo transportavimo i\u0161 kito pasaulio kra\u0161to - visk\u0105 turime \u010dia pat. Norime palikti minimal\u0173 p\u0117dsak\u0105 - anglies dioksido i\u0161metimas \u012f aplink\u0105, \u012fpakavimas ir bendradarbiavimas su vietiniu verslu .<br><\/p>    <\/div>\n<\/div>\n<!-- \/module text --><!-- module text -->\n<div  class=\"module module-text tb_u48p694\" data-lazy=\"1\">\n        <div  class=\"tb_text_wrap\">\n            <\/div>\n<\/div>\n<!-- \/module text -->        <\/div>\n                    <\/div>\n                <\/div>\n                        <\/div>\n        <\/div>\n                        <div  data-css_id=\"gu8v694\" data-lazy=\"1\" class=\"module_row themify_builder_row fullwidth tb_gu8v694 tf_w\">\n                        <div class=\"row_inner col_align_middle tb_col_count_2 tf_box tf_rel\">\n                        <div  data-lazy=\"1\" class=\"module_column tb-column col4-2 tb_j90z694 first\">\n                    <!-- module text -->\n<div  class=\"module module-text tb_qtgh694\" data-lazy=\"1\">\n        <div  class=\"tb_text_wrap\">\n        <h2>I\u0161skirtinis<\/h2>    <\/div>\n<\/div>\n<!-- \/module text --><!-- module text -->\n<div  class=\"module module-text tb_zkbn694\" data-lazy=\"1\">\n        <div  class=\"tb_text_wrap\">\n        <h3>Veli\u016bras<\/h3>    <\/div>\n<\/div>\n<!-- \/module text -->        <\/div>\n                    <div  data-lazy=\"1\" class=\"module_column tb-column col4-2 tb_wjtw695 last\">\n                    <!-- module image -->\n<div  class=\"module module-image tb_5jy3695 image-top   auto_fullwidth tf_mw\" data-lazy=\"1\" data-lax-translate-y=\"(vh*1) 0,(vh*0) -70\" data-lax=\"true\">\n        <div class=\"image-wrap tf_rel tf_mw\">\n            <img loading=\"lazy\" decoding=\"async\" src=\"http:\/\/arriveinner.com\/wp-content\/uploads\/2024\/01\/Beige-Material-34.jpg\" width=\"610\" height=\"524\" title=\"Materials\" alt=\"Materials\">    \n        <\/div>\n    <!-- \/image-wrap -->\n    \n        <\/div>\n<!-- \/module image -->        <\/div>\n                        <\/div>\n        <\/div>\n                        <div  data-css_id=\"wl99695\" data-lazy=\"1\" class=\"module_row themify_builder_row fullwidth tb_wl99695 tf_w\">\n                        <div class=\"row_inner col_align_top tb_col_count_2 tf_box tf_rel\">\n                        <div  data-lazy=\"1\" class=\"module_column tb-column col4-2 tb_74vm695 first\">\n                    <!-- module text -->\n<div  class=\"module module-text tb_1k3o695\" data-lazy=\"1\" data-lax-translate-y=\"(vh*1) 0,(vh*0) -70\" data-lax=\"true\">\n        <div  class=\"tb_text_wrap\">\n        <h3>Auk\u0161ti standartai<\/h3>\n<p>M\u016bs\u0173 jogos ir meditacijos reikmenims skirta med\u017eiaga yra pagaminta Lietuvoje ir atitinka OEKO-TEX 100 standart\u0105, o Martindale dilimo testo (dar vadinamo atsparumo trin\u010diai testu) patvarumo balas yra 100 000. Paprastai tariant \u2013 m\u016bs\u0173 gaminiai atrodys gerai ir tarnaus vis\u0105 gyvenim\u0105.&nbsp;<\/p>\n<p>Klasikinis dizainas, auk\u0161ta kokyb\u0117 ir ilgaam\u017ei\u0161kumas \u2013 tai, k\u0105 gaunate su kiekvienu m\u016bs\u0173 rank\u0173 darbo gaminiu.&nbsp;<\/p>    <\/div>\n<\/div>\n<!-- \/module text -->        <\/div>\n                    <div  data-lazy=\"1\" class=\"module_column tb-column col4-2 tb_wxsy745 last\">\n                            <\/div>\n                        <\/div>\n        <\/div>\n                        <div  data-css_id=\"m0cu695\" data-lazy=\"1\" class=\"module_row themify_builder_row fullwidth tb_m0cu695 tf_w\">\n                        <div class=\"row_inner col_align_top gutter-narrow col_auto_height tb_col_count_2 tf_box tf_rel\">\n                        <div  data-lazy=\"1\" class=\"module_column tb-column tb_8x4x695 first\">\n                    <!-- module image -->\n<div  class=\"module module-image tb_it4f695 image-top   tf_mw\" data-lazy=\"1\" data-lax-translate-y=\"(vh*1) 0,(vh*0) -70\" data-lax=\"true\">\n        <div class=\"image-wrap tf_rel tf_mw\">\n            <img loading=\"lazy\" decoding=\"async\" src=\"https:\/\/arriveinner.com\/wp-content\/uploads\/2024\/10\/Doggos-care33-651x530.jpg\" width=\"651\" height=\"530\" class=\"wp-post-image wp-image-841\" title=\"Doggos-care33\" alt=\"Doggos-care33\" srcset=\"https:\/\/arriveinner.com\/wp-content\/uploads\/2024\/10\/Doggos-care33-651x530.jpg 651w, https:\/\/arriveinner.com\/wp-content\/uploads\/2024\/10\/Doggos-care33-300x245.jpg 300w, https:\/\/arriveinner.com\/wp-content\/uploads\/2024\/10\/Doggos-care33-768x626.jpg 768w, https:\/\/arriveinner.com\/wp-content\/uploads\/2024\/10\/Doggos-care33-600x489.jpg 600w, https:\/\/arriveinner.com\/wp-content\/uploads\/2024\/10\/Doggos-care33.jpg 800w\" sizes=\"auto, (max-width: 651px) 100vw, 651px\" \/>    \n        <\/div>\n    <!-- \/image-wrap -->\n    \n        <\/div>\n<!-- \/module image -->        <\/div>\n                    <div  data-lazy=\"1\" class=\"module_column tb-column tb_uxu3695 last\">\n                    <!-- module text -->\n<div  class=\"module module-text tb_xg82695\" data-lazy=\"1\">\n        <div  class=\"tb_text_wrap\">\n        <h3 style=\"text-align: left;\">Lengva pri\u017ei\u016br\u0117ti\u00a0<\/h3>\n<p style=\"text-align: left;\"><span style=\"letter-spacing: 0.0075em;\">M\u016bs\u0173 pagalv\u0117li\u0173 med\u017eiagos yra 100% draugi\u0161kos gyv\u016bnams. I\u0161orin\u012f u\u017evalkal\u0105 lengva nuimti, tod\u0117l nor\u0117dami pri\u017ei\u016br\u0117ti pagalv\u0117l\u0119, tiesiog vadovaukit\u0117s \u0161iomis instrukcijomis:<\/span><\/p>\n<ul style=\"text-align: left;\">\n<li><strong>Skalbimas<\/strong>Skalbti rankomis arba skalbimo ma\u0161ina 30 \u00b0C temperat\u016broje. Geriausiems rezultatams pasiekti prie\u0161 skalbim\u0105 i\u0161verskite u\u017evalkal\u0105 \u012f kit\u0105 pus\u0119. Jeigu pageidaujate cheminio valymo - taip pat galima.<\/li>\n<li><strong>D\u017eiovinimas<\/strong>Kad pagalv\u0117l\u0117s u\u017evalkalas i\u0161likt\u0173 geriausios b\u016bkl\u0117s, leiskite jam i\u0161d\u017ei\u016bti nat\u016braliai. Venkite d\u017eiovinti d\u017eiovykl\u0117je ir visada d\u017eiovinkite i\u0161virk\u0161\u010di\u0105ja puse.\u00a0<\/li>\n<\/ul>\n<p style=\"letter-spacing: 0.12744px; text-align: left;\"><span style=\"letter-spacing: 0.12744px;\">Kad pagalv\u0117l\u0117 tarnaut\u0173 ilgai, nenaudojam\u0105 laikykite  sausoje vietoje. Venkite ilgesn\u012f laik\u0105 laikyti tiesioginiuose saul\u0117s spinduliuose, nes audinio spalva gali i\u0161blukti.<\/span><\/p>\n<p style=\"text-align: left;\">Konkre\u010dias prie\u017ei\u016bros instrukcijas\u00a0<strong>rasite bet kuriai i\u0161 m\u016bs\u0173 riboto leidimo kolekcij\u0173<\/strong>j\u0173 atskiruose s\u0105ra\u0161uose.<\/p>    <\/div>\n<\/div>\n<!-- \/module text -->        <\/div>\n                        <\/div>\n        <\/div>\n                        <div  data-css_id=\"fa1a696\" data-lazy=\"1\" class=\"module_row themify_builder_row fullwidth tb_fa1a696 tf_w\">\n                        <div class=\"row_inner col_align_top tb_col_count_1 tf_box tf_rel\">\n                        <div  data-lazy=\"1\" class=\"module_column tb-column col-full tb_gvz4696 first\">\n                            <\/div>\n                        <\/div>\n        <\/div>\n        <\/div>\n<!--\/themify_builder_content-->","protected":false},"excerpt":{"rendered":"<p>Tik Kokyb\u0117\u00a0<\/p>","protected":false},"author":1,"featured_media":0,"parent":0,"menu_order":0,"comment_status":"closed","ping_status":"closed","template":"","meta":{"_seopress_robots_primary_cat":"","_seopress_titles_title":"Only quality materials - velvet, linen and organic buckwheat hulls","_seopress_titles_desc":"Premium velvet outside and breathable, giving full support buckwheat hulls inside. Durable and sustainable, Animal-friendly for office use","_seopress_robots_index":"","footnotes":""},"class_list":["post-140","page","type-page","status-publish","hentry","has-post-title","has-post-date","has-post-category","has-post-tag","has-post-comment","has-post-author",""],"jetpack_sharing_enabled":true,"builder_content":"<h2>Only quality\u00a0<\/h2>\n<h3>Why buckwheat hulls?<\/h3>\n<img src=\"http:\/\/arriveinner.com\/wp-content\/uploads\/2024\/01\/Buckweat-blossom.-Materials.jpg\" width=\"470\" height=\"660\" title=\"Materials\" alt=\"Materials\">\n<h3>Comfort with buckwheat hulls<\/h3><p>Buckwheat hulls have been used as a natural filling for cushions, pillows, and mattresses across Asia for centuries and for a good reason. Unlike conventional cushion fillings, buckwheat hulls offer ergonomic support by allowing air to circulate freely, adapting perfectly to the contours of your body. This makes our meditation cushions ideal for maintaining stability and comfort during long meditation sessions.&nbsp;<\/p> <p>Additionally, buckwheat hulls are known for their temperature-neutrality, ensuring your cushion remains cool during summer and warm in winter, making them perfect for year-round use.<\/p><h3>Sustainable and Hypoallergenic<\/h3> <p>Beyond comfort, buckwheat hulls are organic, long-lasting, and hypoallergenic. We\u2019re proud to source our buckwheat from local organic grain farms, minimizing the environmental impact and ensuring the highest quality. Eco-friendly and responsible approach reduces carbon emissions from transportation while supporting sustainable farming.<br><\/p>\n\n<h2>Premium<\/h2>\n<h3>Velvet<\/h3>\n<img src=\"http:\/\/arriveinner.com\/wp-content\/uploads\/2024\/01\/Beige-Material-34.jpg\" width=\"610\" height=\"524\" title=\"Materials\" alt=\"Materials\">\n<h3>High quality standards<\/h3> <p>Velvet material for our yoga and meditation supplies is made in Lithuania and meets OEKO-TEX standard 100, durability score of Martindale abrasion test (also known as rub resistance test) is 100.000 score. Simplifying - our items will look good and last lifelong.&nbsp;<\/p> <p>Timeless design, high quality and durability is what we promise with every handmade item.&nbsp;<\/p>\n<img src=\"https:\/\/arriveinner.com\/wp-content\/uploads\/2024\/10\/Doggos-care33-651x530.jpg\" width=\"651\" height=\"530\" title=\"Doggos-care33\" alt=\"Doggos-care33\" srcset=\"https:\/\/arriveinner.com\/wp-content\/uploads\/2024\/10\/Doggos-care33-651x530.jpg 651w, https:\/\/arriveinner.com\/wp-content\/uploads\/2024\/10\/Doggos-care33-300x245.jpg 300w, https:\/\/arriveinner.com\/wp-content\/uploads\/2024\/10\/Doggos-care33-768x626.jpg 768w, https:\/\/arriveinner.com\/wp-content\/uploads\/2024\/10\/Doggos-care33-600x489.jpg 600w, https:\/\/arriveinner.com\/wp-content\/uploads\/2024\/10\/Doggos-care33.jpg 800w\" sizes=\"(max-width: 651px) 100vw, 651px\" \/>\n<h3 style=\"text-align: left;\">Easy maintenance\u00a0<\/h3> <p style=\"text-align: left;\">Our meditation cushion materials are 100% animal-friendly and easy to care for. Outside cover is easy removable, so to maintain your cushion, simply follow these instructions:<\/p> <ul style=\"text-align: left;\"> <li><strong>Washing<\/strong>: Hand wash or machine wash at 30\u00b0C. For best results, turn the cover inside out before washing. If you prefer dry cleaning, that's also an option.<\/li> <li><strong>Drying<\/strong>: Air dry your cushion cover to keep it in the best condition. Avoid tumble drying, and always dry inside out for added protection.\u00a0<\/li> <\/ul> <p style=\"letter-spacing: 0.12744px; text-align: left;\">To keep your cushion in optimal condition, store it in a dry area when not in use. Avoid placing it in direct sunlight for prolonged periods, as this may cause the fabric to fade and the hulls to deteriorate.<\/p> <p style=\"text-align: left;\">For any of our\u00a0<strong>limited edition collections<\/strong>, specific care instructions can be found in their individual listings.<\/p>","_links":{"self":[{"href":"https:\/\/arriveinner.com\/lt\/wp-json\/wp\/v2\/pages\/140","targetHints":{"allow":["GET"]}}],"collection":[{"href":"https:\/\/arriveinner.com\/lt\/wp-json\/wp\/v2\/pages"}],"about":[{"href":"https:\/\/arriveinner.com\/lt\/wp-json\/wp\/v2\/types\/page"}],"author":[{"embeddable":true,"href":"https:\/\/arriveinner.com\/lt\/wp-json\/wp\/v2\/users\/1"}],"replies":[{"embeddable":true,"href":"https:\/\/arriveinner.com\/lt\/wp-json\/wp\/v2\/comments?post=140"}],"version-history":[{"count":82,"href":"https:\/\/arriveinner.com\/lt\/wp-json\/wp\/v2\/pages\/140\/revisions"}],"predecessor-version":[{"id":1048,"href":"https:\/\/arriveinner.com\/lt\/wp-json\/wp\/v2\/pages\/140\/revisions\/1048"}],"wp:attachment":[{"href":"https:\/\/arriveinner.com\/lt\/wp-json\/wp\/v2\/media?parent=140"}],"curies":[{"name":"wp","href":"https:\/\/api.w.org\/{rel}","templated":true}]}}